{"id":21,"date":"2023-11-08T19:27:43","date_gmt":"2023-11-08T18:27:43","guid":{"rendered":"https:\/\/s-e-consulting-group.com\/?page_id=21"},"modified":"2024-07-24T19:56:46","modified_gmt":"2024-07-24T19:56:46","slug":"qui-sommes-nous","status":"publish","type":"page","link":"https:\/\/s-e-consulting-group.com\/index.php\/qui-sommes-nous\/","title":{"rendered":"Qui sommes-nous?"},"content":{"rendered":"<p>[et_pb_section fb_built=\u00a0\u00bb1&Prime; _builder_version=\u00a0\u00bb4.23.1&Prime; _module_preset=\u00a0\u00bbdefault\u00a0\u00bb background_color=\u00a0\u00bbgcid-85c053e7-7734-4df7-b9f7-4974ccf6755b\u00a0\u00bb box_shadow_style=\u00a0\u00bbpreset3&Prime; global_colors_info=\u00a0\u00bb{%22gcid-85c053e7-7734-4df7-b9f7-4974ccf6755b%22:%91%22background_color%22%93}\u00a0\u00bb][et_pb_row _builder_version=\u00a0\u00bb4.23.1&Prime; _module_preset=\u00a0\u00bbdefault\u00a0\u00bb global_colors_info=\u00a0\u00bb{}\u00a0\u00bb][et_pb_column type=\u00a0\u00bb4_4&Prime; _builder_version=\u00a0\u00bb4.23.1&Prime; _module_preset=\u00a0\u00bbdefault\u00a0\u00bb global_colors_info=\u00a0\u00bb{}\u00a0\u00bb][et_pb_text _builder_version=\u00a0\u00bb4.23.1&Prime; _module_preset=\u00a0\u00bbdefault\u00a0\u00bb text_font=\u00a0\u00bbInter|900|||||||\u00a0\u00bb text_text_color=\u00a0\u00bb#FFFFFF\u00a0\u00bb text_font_size=\u00a0\u00bb25px\u00a0\u00bb text_orientation=\u00a0\u00bbcenter\u00a0\u00bb text_text_shadow_style=\u00a0\u00bbpreset3&Prime; global_colors_info=\u00a0\u00bb{}\u00a0\u00bb]<\/p>\n<p>QUI SOMMES-NOUS ?<\/p>\n<p>[\/et_pb_text][\/et_pb_column][\/et_pb_row][\/et_pb_section][et_pb_section fb_built=\u00a0\u00bb1&Prime; admin_label=\u00a0\u00bbCall to Action\u00a0\u00bb _builder_version=\u00a0\u00bb4.22.0&Prime; _module_preset=\u00a0\u00bbdefault\u00a0\u00bb background_color=\u00a0\u00bbgcid-fc7b31e8-94d8-4560-b647-c33fa43cc805&Prime; width_tablet=\u00a0\u00bb80%\u00a0\u00bb width_phone=\u00a0\u00bb80%\u00a0\u00bb width_last_edited=\u00a0\u00bbon|tablet\u00a0\u00bb custom_margin=\u00a0\u00bb65px|30px|65px|30px|true|true\u00a0\u00bb custom_padding=\u00a0\u00bb0px||16px|||\u00a0\u00bb module_alignment_tablet=\u00a0\u00bbcenter\u00a0\u00bb module_alignment_phone=\u00a0\u00bbcenter\u00a0\u00bb module_alignment_last_edited=\u00a0\u00bbon|desktop\u00a0\u00bb border_radii=\u00a0\u00bbon|10px|10px|10px|10px\u00a0\u00bb locked=\u00a0\u00bboff\u00a0\u00bb collapsed=\u00a0\u00bbon\u00a0\u00bb global_colors_info=\u00a0\u00bb{%22gcid-fc7b31e8-94d8-4560-b647-c33fa43cc805%22:%91%22background_color%22%93}\u00a0\u00bb][et_pb_row column_structure=\u00a0\u00bb2_5,3_5&Prime; _builder_version=\u00a0\u00bb4.22.0&Prime; _module_preset=\u00a0\u00bbdefault\u00a0\u00bb custom_padding=\u00a0\u00bb||0px|||\u00a0\u00bb global_colors_info=\u00a0\u00bb{}\u00a0\u00bb][et_pb_column type=\u00a0\u00bb2_5&Prime; _builder_version=\u00a0\u00bb4.22.0&Prime; _module_preset=\u00a0\u00bbdefault\u00a0\u00bb global_colors_info=\u00a0\u00bb{}\u00a0\u00bb][et_pb_image src=\u00a0\u00bbhttps:\/\/s-e-consulting-group.com\/wp-content\/uploads\/2023\/12\/ghhhh.jpg\u00a0\u00bb title_text=\u00a0\u00bbghhhh\u00a0\u00bb _builder_version=\u00a0\u00bb4.23.1&Prime; _module_preset=\u00a0\u00bbdefault\u00a0\u00bb max_width=\u00a0\u00bb60%\u00a0\u00bb module_alignment=\u00a0\u00bbcenter\u00a0\u00bb custom_padding=\u00a0\u00bb|0px|7px|||\u00a0\u00bb global_colors_info=\u00a0\u00bb{}\u00a0\u00bb][\/et_pb_image][\/et_pb_column][et_pb_column type=\u00a0\u00bb3_5&Prime; _builder_version=\u00a0\u00bb4.22.0&Prime; _module_preset=\u00a0\u00bbdefault\u00a0\u00bb global_colors_info=\u00a0\u00bb{}\u00a0\u00bb][et_pb_heading title=\u00a0\u00bbS&#038;E CONSULTING GROUP\u00a0\u00bb _builder_version=\u00a0\u00bb4.23.1&Prime; _module_preset=\u00a0\u00bbdefault\u00a0\u00bb title_font=\u00a0\u00bbInter|800|||||||\u00a0\u00bb title_text_color=\u00a0\u00bbgcid-c53b1cf2-84ef-4f51-bcc8-b14d4961f78d\u00a0\u00bb title_font_size=\u00a0\u00bb29px\u00a0\u00bb global_colors_info=\u00a0\u00bb{%22gcid-c53b1cf2-84ef-4f51-bcc8-b14d4961f78d%22:%91%22title_text_color%22%93}\u00a0\u00bb][\/et_pb_heading][et_pb_text _builder_version=\u00a0\u00bb4.23.1&Prime; _module_preset=\u00a0\u00bbedce759b-ac2a-4350-a5d6-fe390674204a\u00a0\u00bb text_font=\u00a0\u00bbInter|300|||||||\u00a0\u00bb text_line_height=\u00a0\u00bb1.9em\u00a0\u00bb custom_margin=\u00a0\u00bb-6px|||||\u00a0\u00bb global_colors_info=\u00a0\u00bb{}\u00a0\u00bb]<\/p>\n<p><span>Nous sommes un cabinet de conseil qui a pour objectif d\u2019accompagner les entreprises dans leurs diff\u00e9rentes probl\u00e9matiques actuarielles, strat\u00e9giques et dans l\u2019optimisation de leurs comp\u00e9tences internes.<\/span><\/p>\n<p><span>Notre savoir-faire est influenc\u00e9 par une expertise pointue et une exp\u00e9rience r\u00e9ussie aupr\u00e8s de grands acteurs de l\u2019Assurance, ainsi nous garantissons \u00e0 nos clients un service de qualit\u00e9, une r\u00e9activit\u00e9 reposant sur la proximit\u00e9.<\/span><\/p>\n<p>[\/et_pb_text][et_pb_icon font_icon=\u00a0\u00bb&#xe050;||divi||400&Prime; icon_color=\u00a0\u00bbgcid-85c053e7-7734-4df7-b9f7-4974ccf6755b\u00a0\u00bb icon_width=\u00a0\u00bb40px\u00a0\u00bb url=\u00a0\u00bbhttps:\/\/s-e-consulting-group.com\/index.php\/lassociee\/\u00a0\u00bb align=\u00a0\u00bbleft\u00a0\u00bb _builder_version=\u00a0\u00bb4.23.1&Prime; _module_preset=\u00a0\u00bbdefault\u00a0\u00bb locked=\u00a0\u00bboff\u00a0\u00bb global_colors_info=\u00a0\u00bb{%22gcid-85c053e7-7734-4df7-b9f7-4974ccf6755b%22:%91%22icon_color%22%93}\u00a0\u00bb][\/et_pb_icon][\/et_pb_column][\/et_pb_row][\/et_pb_section][et_pb_section fb_built=\u00a0\u00bb1&Prime; _builder_version=\u00a0\u00bb4.23.1&Prime; _module_preset=\u00a0\u00bbdefault\u00a0\u00bb custom_margin=\u00a0\u00bb-14px|||||\u00a0\u00bb custom_padding=\u00a0\u00bb0px||0px|||\u00a0\u00bb locked=\u00a0\u00bboff\u00a0\u00bb global_colors_info=\u00a0\u00bb{}\u00a0\u00bb][et_pb_row _builder_version=\u00a0\u00bb4.23.1&Prime; _module_preset=\u00a0\u00bbdefault\u00a0\u00bb custom_margin=\u00a0\u00bb-31px|auto||auto||\u00a0\u00bb custom_padding=\u00a0\u00bb0px|||||\u00a0\u00bb global_colors_info=\u00a0\u00bb{}\u00a0\u00bb][et_pb_column type=\u00a0\u00bb4_4&Prime; _builder_version=\u00a0\u00bb4.23.1&Prime; _module_preset=\u00a0\u00bbdefault\u00a0\u00bb global_colors_info=\u00a0\u00bb{}\u00a0\u00bb][et_pb_text _builder_version=\u00a0\u00bb4.23.1&Prime; _module_preset=\u00a0\u00bb2fb79981-ecbd-4992-a823-23e2761691e3&Prime; header_font=\u00a0\u00bbInter|100|||||||\u00a0\u00bb header_font_size=\u00a0\u00bb40px\u00a0\u00bb text_orientation=\u00a0\u00bbcenter\u00a0\u00bb custom_padding=\u00a0\u00bb||4px||false|false\u00a0\u00bb locked=\u00a0\u00bboff\u00a0\u00bb global_colors_info=\u00a0\u00bb{}\u00a0\u00bb]<\/p>\n<h1><span style=\"color: #000000;\">Nos<\/span><\/h1>\n<p>[\/et_pb_text][et_pb_text _builder_version=\u00a0\u00bb4.23.1&Prime; _module_preset=\u00a0\u00bb2fb79981-ecbd-4992-a823-23e2761691e3&Prime; header_font_size=\u00a0\u00bb55px\u00a0\u00bb text_orientation=\u00a0\u00bbcenter\u00a0\u00bb custom_margin=\u00a0\u00bb-43px|||||\u00a0\u00bb locked=\u00a0\u00bboff\u00a0\u00bb global_colors_info=\u00a0\u00bb{}\u00a0\u00bb]<\/p>\n<h1><strong><span style=\"color: #000000;\">VALEURS<\/span><\/strong><\/h1>\n<p>[\/et_pb_text][\/et_pb_column][\/et_pb_row][\/et_pb_section][et_pb_section fb_built=\u00a0\u00bb1&Prime; _builder_version=\u00a0\u00bb4.23.1&Prime; _module_preset=\u00a0\u00bbdefault\u00a0\u00bb custom_margin=\u00a0\u00bb-16px|||||\u00a0\u00bb custom_padding=\u00a0\u00bb0px|||||\u00a0\u00bb locked=\u00a0\u00bboff\u00a0\u00bb global_colors_info=\u00a0\u00bb{}\u00a0\u00bb][et_pb_row column_structure=\u00a0\u00bb1_3,1_3,1_3&Prime; _builder_version=\u00a0\u00bb4.23.1&Prime; _module_preset=\u00a0\u00bbdefault\u00a0\u00bb global_colors_info=\u00a0\u00bb{}\u00a0\u00bb][et_pb_column type=\u00a0\u00bb1_3&Prime; _builder_version=\u00a0\u00bb4.23.1&Prime; _module_preset=\u00a0\u00bbdefault\u00a0\u00bb border_radii=\u00a0\u00bbon|9px|9px|9px|9px\u00a0\u00bb border_width_all=\u00a0\u00bb1px\u00a0\u00bb border_color_all=\u00a0\u00bbRGBA(255,255,255,0)\u00a0\u00bb border_style_all=\u00a0\u00bboutset\u00a0\u00bb global_colors_info=\u00a0\u00bb{}\u00a0\u00bb][et_pb_image src=\u00a0\u00bbhttps:\/\/s-e-consulting-group.com\/wp-content\/uploads\/2023\/12\/riguer.jpg\u00a0\u00bb title_text=\u00a0\u00bbriguer\u00a0\u00bb _builder_version=\u00a0\u00bb4.23.1&Prime; _module_preset=\u00a0\u00bbdefault\u00a0\u00bb custom_margin=\u00a0\u00bb||14px|||\u00a0\u00bb global_colors_info=\u00a0\u00bb{}\u00a0\u00bb][\/et_pb_image][et_pb_text _builder_version=\u00a0\u00bb4.23.1&Prime; _module_preset=\u00a0\u00bbdefault\u00a0\u00bb text_font=\u00a0\u00bbInter|800||on|||||\u00a0\u00bb text_text_color=\u00a0\u00bbgcid-c53b1cf2-84ef-4f51-bcc8-b14d4961f78d\u00a0\u00bb text_font_size=\u00a0\u00bb20px\u00a0\u00bb custom_margin=\u00a0\u00bb||16px|||\u00a0\u00bb global_colors_info=\u00a0\u00bb{%22gcid-c53b1cf2-84ef-4f51-bcc8-b14d4961f78d%22:%91%22text_text_color%22%93}\u00a0\u00bb]<\/p>\n<p>Rigueur<\/p>\n<p>[\/et_pb_text][et_pb_text _builder_version=\u00a0\u00bb4.23.1&Prime; _module_preset=\u00a0\u00bbdefault\u00a0\u00bb text_font=\u00a0\u00bbInter|300|||||||\u00a0\u00bb text_font_size=\u00a0\u00bb16px\u00a0\u00bb custom_margin=\u00a0\u00bb-6px|||||\u00a0\u00bb global_colors_info=\u00a0\u00bb{}\u00a0\u00bb]<\/p>\n<p style=\"text-align: justify;\"><span>L\u2019atout principal de nos clients est notre rigueur. <\/span><\/p>\n<p style=\"text-align: justify;\"><span>Notre rigueur se traduit au travers de la pertinence, la transparence des solutions propos\u00e9es et le respect des d\u00e9lais.<\/span><\/p>\n<p>[\/et_pb_text][\/et_pb_column][et_pb_column type=\u00a0\u00bb1_3&Prime; _builder_version=\u00a0\u00bb4.23.1&Prime; _module_preset=\u00a0\u00bbdefault\u00a0\u00bb border_radii=\u00a0\u00bbon|9px|9px|9px|9px\u00a0\u00bb global_colors_info=\u00a0\u00bb{}\u00a0\u00bb][et_pb_image src=\u00a0\u00bbhttps:\/\/s-e-consulting-group.com\/wp-content\/uploads\/2023\/12\/happy-mix-raced-business-team-two-celebrating-success_74855-1994.jpg\u00a0\u00bb title_text=\u00a0\u00bbhappy-mix-raced-business-team-two-celebrating-success_74855-1994&Prime; _builder_version=\u00a0\u00bb4.23.1&Prime; _module_preset=\u00a0\u00bbdefault\u00a0\u00bb custom_margin=\u00a0\u00bb||14px|||\u00a0\u00bb global_colors_info=\u00a0\u00bb{}\u00a0\u00bb][\/et_pb_image][et_pb_text _builder_version=\u00a0\u00bb4.23.1&Prime; _module_preset=\u00a0\u00bbdefault\u00a0\u00bb text_font=\u00a0\u00bbInter|800||on|||||\u00a0\u00bb text_text_color=\u00a0\u00bbgcid-c53b1cf2-84ef-4f51-bcc8-b14d4961f78d\u00a0\u00bb text_font_size=\u00a0\u00bb20px\u00a0\u00bb custom_margin=\u00a0\u00bb||16px|||\u00a0\u00bb global_colors_info=\u00a0\u00bb{%22gcid-c53b1cf2-84ef-4f51-bcc8-b14d4961f78d%22:%91%22text_text_color%22%93}\u00a0\u00bb]<\/p>\n<p>Partage<\/p>\n<p>[\/et_pb_text][et_pb_text _builder_version=\u00a0\u00bb4.23.1&Prime; _module_preset=\u00a0\u00bbdefault\u00a0\u00bb text_font=\u00a0\u00bbInter|300|||||||\u00a0\u00bb text_font_size=\u00a0\u00bb16px\u00a0\u00bb custom_margin=\u00a0\u00bb-6px|||||\u00a0\u00bb global_colors_info=\u00a0\u00bb{}\u00a0\u00bb]<\/p>\n<p style=\"text-align: justify;\"><span>L\u2019implication de chacun dans l\u2019effort constant de mont\u00e9e en comp\u00e9tence collective par un \u00e9change permanent et r\u00e9ciproque.<\/span><\/p>\n<p>[\/et_pb_text][\/et_pb_column][et_pb_column type=\u00a0\u00bb1_3&Prime; _builder_version=\u00a0\u00bb4.23.1&Prime; _module_preset=\u00a0\u00bbdefault\u00a0\u00bb border_radii=\u00a0\u00bbon|9px|9px|9px|9px\u00a0\u00bb global_colors_info=\u00a0\u00bb{}\u00a0\u00bb][et_pb_image src=\u00a0\u00bbhttps:\/\/s-e-consulting-group.com\/wp-content\/uploads\/2023\/12\/excellence.jpg\u00a0\u00bb title_text=\u00a0\u00bbexcellence\u00a0\u00bb _builder_version=\u00a0\u00bb4.23.1&Prime; _module_preset=\u00a0\u00bbdefault\u00a0\u00bb custom_margin=\u00a0\u00bb||14px|||\u00a0\u00bb global_colors_info=\u00a0\u00bb{}\u00a0\u00bb][\/et_pb_image][et_pb_text _builder_version=\u00a0\u00bb4.23.1&Prime; _module_preset=\u00a0\u00bbdefault\u00a0\u00bb text_font=\u00a0\u00bbInter|800||on|||||\u00a0\u00bb text_text_color=\u00a0\u00bbgcid-c53b1cf2-84ef-4f51-bcc8-b14d4961f78d\u00a0\u00bb text_font_size=\u00a0\u00bb20px\u00a0\u00bb custom_margin=\u00a0\u00bb||16px|||\u00a0\u00bb global_colors_info=\u00a0\u00bb{%22gcid-c53b1cf2-84ef-4f51-bcc8-b14d4961f78d%22:%91%22text_text_color%22%93}\u00a0\u00bb]<\/p>\n<p><span>Excellence<\/span><\/p>\n<p>[\/et_pb_text][et_pb_text _builder_version=\u00a0\u00bb4.23.1&Prime; _module_preset=\u00a0\u00bbdefault\u00a0\u00bb text_font=\u00a0\u00bbInter|300|||||||\u00a0\u00bb text_font_size=\u00a0\u00bb16px\u00a0\u00bb custom_margin=\u00a0\u00bb-6px|||||\u00a0\u00bb global_colors_info=\u00a0\u00bb{}\u00a0\u00bb]<\/p>\n<p style=\"text-align: justify;\"><span>La recherche continue de l\u2019excellence dans les solutions propos\u00e9es \u00e0 nos clients.<\/span><\/p>\n<p>[\/et_pb_text][\/et_pb_column][\/et_pb_row][\/et_pb_section][et_pb_section fb_built=\u00a0\u00bb1&Prime; _builder_version=\u00a0\u00bb4.23.1&Prime; _module_preset=\u00a0\u00bbdefault\u00a0\u00bb background_color=\u00a0\u00bbgcid-c53b1cf2-84ef-4f51-bcc8-b14d4961f78d\u00a0\u00bb custom_padding=\u00a0\u00bb0px||0px|||\u00a0\u00bb box_shadow_style=\u00a0\u00bbpreset3&Prime; global_colors_info=\u00a0\u00bb{%22gcid-c53b1cf2-84ef-4f51-bcc8-b14d4961f78d%22:%91%22background_color%22%93}\u00a0\u00bb theme_builder_area=\u00a0\u00bbpost_content\u00a0\u00bb][et_pb_row _builder_version=\u00a0\u00bb4.23.1&Prime; _module_preset=\u00a0\u00bbdefault\u00a0\u00bb custom_padding=\u00a0\u00bb8px||6px|||\u00a0\u00bb global_colors_info=\u00a0\u00bb{}\u00a0\u00bb theme_builder_area=\u00a0\u00bbpost_content\u00a0\u00bb][et_pb_column type=\u00a0\u00bb4_4&Prime; _builder_version=\u00a0\u00bb4.23.1&Prime; _module_preset=\u00a0\u00bbdefault\u00a0\u00bb global_colors_info=\u00a0\u00bb{}\u00a0\u00bb theme_builder_area=\u00a0\u00bbpost_content\u00a0\u00bb][et_pb_text _builder_version=\u00a0\u00bb4.23.1&Prime; _module_preset=\u00a0\u00bbdefault\u00a0\u00bb text_font=\u00a0\u00bbInter|900||on|||||\u00a0\u00bb text_text_color=\u00a0\u00bbgcid-85c053e7-7734-4df7-b9f7-4974ccf6755b\u00a0\u00bb text_font_size=\u00a0\u00bb16px\u00a0\u00bb text_orientation=\u00a0\u00bbcenter\u00a0\u00bb link_option_url=\u00a0\u00bb\/wp-content\/uploads\/2024\/07\/Plaquette-Commerciale-SE-Consulting-Group.pdf.pdf\u00a0\u00bb link_option_url_new_window=\u00a0\u00bbon\u00a0\u00bb global_colors_info=\u00a0\u00bb{%22gcid-85c053e7-7734-4df7-b9f7-4974ccf6755b%22:%91%22text_text_color%22%93}\u00a0\u00bb theme_builder_area=\u00a0\u00bbpost_content\u00a0\u00bb]<\/p>\n<p>Telecharger notre plaquette commerciale<\/p>\n<p>[\/et_pb_text][\/et_pb_column][\/et_pb_row][\/et_pb_section][et_pb_section fb_built=\u00a0\u00bb1&Prime; admin_label=\u00a0\u00bbFooter\u00a0\u00bb _builder_version=\u00a0\u00bb4.22.0&Prime; _module_preset=\u00a0\u00bbdefault\u00a0\u00bb background_color=\u00a0\u00bb#000000&Prime; saved_tabs=\u00a0\u00bball\u00a0\u00bb locked=\u00a0\u00bboff\u00a0\u00bb collapsed=\u00a0\u00bbon\u00a0\u00bb global_colors_info=\u00a0\u00bb{}\u00a0\u00bb theme_builder_area=\u00a0\u00bbpost_content\u00a0\u00bb][et_pb_row column_structure=\u00a0\u00bb1_3,1_3,1_3&Prime; _builder_version=\u00a0\u00bb4.22.0&Prime; _module_preset=\u00a0\u00bbdefault\u00a0\u00bb global_colors_info=\u00a0\u00bb{}\u00a0\u00bb theme_builder_area=\u00a0\u00bbpost_content\u00a0\u00bb][et_pb_column type=\u00a0\u00bb1_3&Prime; _builder_version=\u00a0\u00bb4.22.0&Prime; _module_preset=\u00a0\u00bbdefault\u00a0\u00bb global_colors_info=\u00a0\u00bb{}\u00a0\u00bb theme_builder_area=\u00a0\u00bbpost_content\u00a0\u00bb][et_pb_text _builder_version=\u00a0\u00bb4.23.1&Prime; _module_preset=\u00a0\u00bb5691cd3e-1424-4a01-96e9-afa4dd47a7ee\u00a0\u00bb text_font=\u00a0\u00bbInter|700||on|||||\u00a0\u00bb text_text_color=\u00a0\u00bb#FFFFFF\u00a0\u00bb text_font_size=\u00a0\u00bb17px\u00a0\u00bb header_6_text_color=\u00a0\u00bbgcid-bddc0b07-204a-471f-a9e9-ce834b37b79c\u00a0\u00bb custom_margin=\u00a0\u00bb||10px||false|false\u00a0\u00bb locked=\u00a0\u00bboff\u00a0\u00bb global_colors_info=\u00a0\u00bb{%22gcid-bddc0b07-204a-471f-a9e9-ce834b37b79c%22:%91%22header_6_text_color%22%93}\u00a0\u00bb theme_builder_area=\u00a0\u00bbpost_content\u00a0\u00bb]<\/p>\n<p>EMAIL<\/p>\n<p>[\/et_pb_text][et_pb_text _builder_version=\u00a0\u00bb4.23.1&Prime; _module_preset=\u00a0\u00bbdefault\u00a0\u00bb text_font=\u00a0\u00bbInter|700|||||||\u00a0\u00bb text_text_color=\u00a0\u00bbgcid-c53b1cf2-84ef-4f51-bcc8-b14d4961f78d\u00a0\u00bb text_font_size=\u00a0\u00bb16px\u00a0\u00bb link_option_url=\u00a0\u00bbmailto:infos@s-e-consulting-group.com\u00a0\u00bb global_colors_info=\u00a0\u00bb{%22gcid-c53b1cf2-84ef-4f51-bcc8-b14d4961f78d%22:%91%22text_text_color%22%93}\u00a0\u00bb theme_builder_area=\u00a0\u00bbpost_content\u00a0\u00bb]<\/p>\n<p>infos@s-e-consulting-group.com<\/p>\n<p>[\/et_pb_text][et_pb_text _builder_version=\u00a0\u00bb4.23.1&Prime; _module_preset=\u00a0\u00bb5691cd3e-1424-4a01-96e9-afa4dd47a7ee\u00a0\u00bb text_font=\u00a0\u00bbInter|700||on|||||\u00a0\u00bb text_text_color=\u00a0\u00bb#FFFFFF\u00a0\u00bb text_font_size=\u00a0\u00bb17px\u00a0\u00bb header_6_text_color=\u00a0\u00bbgcid-bddc0b07-204a-471f-a9e9-ce834b37b79c\u00a0\u00bb custom_margin=\u00a0\u00bb||10px||false|false\u00a0\u00bb locked=\u00a0\u00bboff\u00a0\u00bb global_colors_info=\u00a0\u00bb{%22gcid-bddc0b07-204a-471f-a9e9-ce834b37b79c%22:%91%22header_6_text_color%22%93}\u00a0\u00bb theme_builder_area=\u00a0\u00bbpost_content\u00a0\u00bb]<\/p>\n<p>TELEPHONE<\/p>\n<p>[\/et_pb_text][et_pb_text _builder_version=\u00a0\u00bb4.23.1&Prime; _module_preset=\u00a0\u00bbdefault\u00a0\u00bb text_font=\u00a0\u00bbInter|600|||||||\u00a0\u00bb text_text_color=\u00a0\u00bbgcid-c53b1cf2-84ef-4f51-bcc8-b14d4961f78d\u00a0\u00bb text_font_size=\u00a0\u00bb16px\u00a0\u00bb global_colors_info=\u00a0\u00bb{%22gcid-c53b1cf2-84ef-4f51-bcc8-b14d4961f78d%22:%91%22text_text_color%22%93}\u00a0\u00bb theme_builder_area=\u00a0\u00bbpost_content\u00a0\u00bb]<\/p>\n<p>(+225) 01 01 54 08 08\u00a0<\/p>\n<p>[\/et_pb_text][et_pb_text _builder_version=\u00a0\u00bb4.23.1&Prime; _module_preset=\u00a0\u00bb5691cd3e-1424-4a01-96e9-afa4dd47a7ee\u00a0\u00bb text_font=\u00a0\u00bbInter|800|||||||\u00a0\u00bb text_text_color=\u00a0\u00bb#FFFFFF\u00a0\u00bb text_font_size=\u00a0\u00bb15px\u00a0\u00bb header_6_text_color=\u00a0\u00bbgcid-bddc0b07-204a-471f-a9e9-ce834b37b79c\u00a0\u00bb custom_margin=\u00a0\u00bb22px||0px||false|false\u00a0\u00bb link_option_url=\u00a0\u00bb s-e-consulting-group.com\/index.php\/mentions-legales\/\u00a0\u00bb locked=\u00a0\u00bboff\u00a0\u00bb global_colors_info=\u00a0\u00bb{%22gcid-bddc0b07-204a-471f-a9e9-ce834b37b79c%22:%91%22header_6_text_color%22%93}\u00a0\u00bb theme_builder_area=\u00a0\u00bbpost_content\u00a0\u00bb]<\/p>\n<p>MENTIONS LEGALES<\/p>\n<p>[\/et_pb_text][\/et_pb_column][et_pb_column type=\u00a0\u00bb1_3&Prime; _builder_version=\u00a0\u00bb4.22.0&Prime; _module_preset=\u00a0\u00bbdefault\u00a0\u00bb global_colors_info=\u00a0\u00bb{}\u00a0\u00bb theme_builder_area=\u00a0\u00bbpost_content\u00a0\u00bb][et_pb_text _builder_version=\u00a0\u00bb4.23.1&Prime; _module_preset=\u00a0\u00bb5691cd3e-1424-4a01-96e9-afa4dd47a7ee\u00a0\u00bb text_font=\u00a0\u00bbInter|800||on|||||\u00a0\u00bb text_text_color=\u00a0\u00bb#FFFFFF\u00a0\u00bb text_font_size=\u00a0\u00bb17px\u00a0\u00bb header_6_text_color=\u00a0\u00bbgcid-bddc0b07-204a-471f-a9e9-ce834b37b79c\u00a0\u00bb custom_margin=\u00a0\u00bb||7px||false|false\u00a0\u00bb locked=\u00a0\u00bboff\u00a0\u00bb global_colors_info=\u00a0\u00bb{%22gcid-bddc0b07-204a-471f-a9e9-ce834b37b79c%22:%91%22header_6_text_color%22%93}\u00a0\u00bb theme_builder_area=\u00a0\u00bbpost_content\u00a0\u00bb]<\/p>\n<p>Nous suivre<\/p>\n<p>[\/et_pb_text][et_pb_icon font_icon=\u00a0\u00bb&#xe0cb;||divi||400&Prime; icon_color=\u00a0\u00bbgcid-c53b1cf2-84ef-4f51-bcc8-b14d4961f78d\u00a0\u00bb icon_width=\u00a0\u00bb35px\u00a0\u00bb url=\u00a0\u00bbhttps:\/\/www.linkedin.com\/company\/s-e-consulting\/\u00a0\u00bb align=\u00a0\u00bbleft\u00a0\u00bb _builder_version=\u00a0\u00bb4.23.1&Prime; _module_preset=\u00a0\u00bbdefault\u00a0\u00bb custom_css_free_form=\u00a0\u00bb.selector:hover .et_pb_text_inner p {||  color: white;||}\u00a0\u00bb global_colors_info=\u00a0\u00bb{%22gcid-c53b1cf2-84ef-4f51-bcc8-b14d4961f78d%22:%91%22icon_color%22%93}\u00a0\u00bb theme_builder_area=\u00a0\u00bbpost_content\u00a0\u00bb][\/et_pb_icon][\/et_pb_column][et_pb_column type=\u00a0\u00bb1_3&Prime; _builder_version=\u00a0\u00bb4.23.1&Prime; _module_preset=\u00a0\u00bbdefault\u00a0\u00bb global_colors_info=\u00a0\u00bb{}\u00a0\u00bb theme_builder_area=\u00a0\u00bbpost_content\u00a0\u00bb][et_pb_text _builder_version=\u00a0\u00bb4.23.1&Prime; _module_preset=\u00a0\u00bb5691cd3e-1424-4a01-96e9-afa4dd47a7ee\u00a0\u00bb text_font=\u00a0\u00bbInter|700||on|||||\u00a0\u00bb text_text_color=\u00a0\u00bb#FFFFFF\u00a0\u00bb text_font_size=\u00a0\u00bb17px\u00a0\u00bb header_6_text_color=\u00a0\u00bbgcid-bddc0b07-204a-471f-a9e9-ce834b37b79c\u00a0\u00bb custom_margin=\u00a0\u00bb||10px||false|false\u00a0\u00bb locked=\u00a0\u00bboff\u00a0\u00bb global_colors_info=\u00a0\u00bb{%22gcid-bddc0b07-204a-471f-a9e9-ce834b37b79c%22:%91%22header_6_text_color%22%93}\u00a0\u00bb theme_builder_area=\u00a0\u00bbpost_content\u00a0\u00bb]<\/p>\n<p>Services<\/p>\n<p>[\/et_pb_text][et_pb_text _builder_version=\u00a0\u00bb4.23.1&Prime; _module_preset=\u00a0\u00bbdefault\u00a0\u00bb text_font=\u00a0\u00bbInter|600|||||||\u00a0\u00bb text_text_color=\u00a0\u00bbgcid-c53b1cf2-84ef-4f51-bcc8-b14d4961f78d\u00a0\u00bb text_font_size=\u00a0\u00bb16px\u00a0\u00bb link_option_url=\u00a0\u00bbhttps:\/\/s-e-consulting-group.com\/index.php\/conseil-en-actuariat\/\u00a0\u00bb custom_css_free_form=\u00a0\u00bb.selector:hover .et_pb_text_inner p {||  color: white;||}\u00a0\u00bb global_colors_info=\u00a0\u00bb{%22gcid-c53b1cf2-84ef-4f51-bcc8-b14d4961f78d%22:%91%22text_text_color%22%93}\u00a0\u00bb theme_builder_area=\u00a0\u00bbpost_content\u00a0\u00bb]<\/p>\n<p><span>Actuariat et Assurances<\/span><\/p>\n<p>[\/et_pb_text][et_pb_text _builder_version=\u00a0\u00bb4.23.1&Prime; _module_preset=\u00a0\u00bbdefault\u00a0\u00bb text_font=\u00a0\u00bbInter|600|||||||\u00a0\u00bb text_text_color=\u00a0\u00bbgcid-c53b1cf2-84ef-4f51-bcc8-b14d4961f78d\u00a0\u00bb text_font_size=\u00a0\u00bb16px\u00a0\u00bb custom_margin=\u00a0\u00bb-18px|||||\u00a0\u00bb link_option_url=\u00a0\u00bbhttps:\/\/s-e-consulting-group.com\/index.php\/coaching-pour-loptimisation\/\u00a0\u00bb custom_css_free_form=\u00a0\u00bb.selector:hover .et_pb_text_inner p {||  color: white;||}\u00a0\u00bb global_colors_info=\u00a0\u00bb{%22gcid-c53b1cf2-84ef-4f51-bcc8-b14d4961f78d%22:%91%22text_text_color%22%93}\u00a0\u00bb theme_builder_area=\u00a0\u00bbpost_content\u00a0\u00bb]<\/p>\n<p><span>Coaching<\/span><\/p>\n<p>[\/et_pb_text][et_pb_text _builder_version=\u00a0\u00bb4.23.1&Prime; _module_preset=\u00a0\u00bbdefault\u00a0\u00bb text_font=\u00a0\u00bbInter|600|||||||\u00a0\u00bb text_text_color=\u00a0\u00bbgcid-c53b1cf2-84ef-4f51-bcc8-b14d4961f78d\u00a0\u00bb text_font_size=\u00a0\u00bb16px\u00a0\u00bb custom_margin=\u00a0\u00bb-18px|||||\u00a0\u00bb link_option_url=\u00a0\u00bbhttps:\/\/s-e-consulting-group.com\/index.php\/formation\/\u00a0\u00bb custom_css_free_form=\u00a0\u00bb.selector:hover .et_pb_text_inner p {||  color: white;||}\u00a0\u00bb global_colors_info=\u00a0\u00bb{%22gcid-c53b1cf2-84ef-4f51-bcc8-b14d4961f78d%22:%91%22text_text_color%22%93}\u00a0\u00bb theme_builder_area=\u00a0\u00bbpost_content\u00a0\u00bb]<\/p>\n<p><span>Formation<\/span><\/p>\n<p>[\/et_pb_text][et_pb_text _builder_version=\u00a0\u00bb4.23.1&Prime; _module_preset=\u00a0\u00bbdefault\u00a0\u00bb text_font=\u00a0\u00bbInter|600|||||||\u00a0\u00bb text_text_color=\u00a0\u00bbgcid-c53b1cf2-84ef-4f51-bcc8-b14d4961f78d\u00a0\u00bb text_font_size=\u00a0\u00bb16px\u00a0\u00bb custom_margin=\u00a0\u00bb-18px|||||\u00a0\u00bb link_option_url=\u00a0\u00bbhttps:\/\/s-e-consulting-group.com\/index.php\/conseil-en-strategie\/\u00a0\u00bb custom_css_free_form=\u00a0\u00bb.selector:hover .et_pb_text_inner p {||  color: white;||}\u00a0\u00bb global_colors_info=\u00a0\u00bb{%22gcid-c53b1cf2-84ef-4f51-bcc8-b14d4961f78d%22:%91%22text_text_color%22%93}\u00a0\u00bb theme_builder_area=\u00a0\u00bbpost_content\u00a0\u00bb]<\/p>\n<p><strong>Strat\u00e9gie et Organisation<\/strong><\/p>\n<p>[\/et_pb_text][\/et_pb_column][\/et_pb_row][et_pb_row _builder_version=\u00a0\u00bb4.22.0&Prime; _module_preset=\u00a0\u00bbdefault\u00a0\u00bb global_colors_info=\u00a0\u00bb{}\u00a0\u00bb theme_builder_area=\u00a0\u00bbpost_content\u00a0\u00bb][et_pb_column type=\u00a0\u00bb4_4&Prime; _builder_version=\u00a0\u00bb4.22.0&Prime; _module_preset=\u00a0\u00bbdefault\u00a0\u00bb global_colors_info=\u00a0\u00bb{}\u00a0\u00bb theme_builder_area=\u00a0\u00bbpost_content\u00a0\u00bb][et_pb_text _builder_version=\u00a0\u00bb4.23.1&Prime; _dynamic_attributes=\u00a0\u00bbcontent\u00a0\u00bb _module_preset=\u00a0\u00bb1e50f0df-10b0-493d-9476-f5bf7978a1c3&Prime; text_text_color=\u00a0\u00bbgcid-c53b1cf2-84ef-4f51-bcc8-b14d4961f78d\u00a0\u00bb text_font_size=\u00a0\u00bb14px\u00a0\u00bb text_orientation=\u00a0\u00bbcenter\u00a0\u00bb global_colors_info=\u00a0\u00bb{%22gcid-c53b1cf2-84ef-4f51-bcc8-b14d4961f78d%22:%91%22text_text_color%22%93}\u00a0\u00bb theme_builder_area=\u00a0\u00bbpost_content\u00a0\u00bb]@ET-DC@eyJkeW5hbWljIjp0cnVlLCJjb250ZW50IjoiY3VycmVudF9kYXRlIiwic2V0dGluZ3MiOnsiYmVmb3JlIjoiQ29weXJpZ2h0ICZjb3B5OyAiLCJhZnRlciI6IiBTJmFtcDtFIENPTlNVTFRJTkcgR1JPVVAuIEFsbCBSaWdodHMgUmVzZXJ2ZWQuIiwiZGF0ZV9mb3JtYXQiOiJjdXN0b20iLCJjdXN0b21fZGF0ZV9mb3JtYXQiOiJZIn19@[\/et_pb_text][\/et_pb_column][\/et_pb_row][\/et_pb_section]<\/p>\n","protected":false},"excerpt":{"rendered":"<p>QUI SOMMES-NOUS ?Nous sommes un cabinet de conseil qui a pour objectif d\u2019accompagner les entreprises dans leurs diff\u00e9rentes probl\u00e9matiques actuarielles, strat\u00e9giques et dans l\u2019optimisation de leurs comp\u00e9tences internes. Notre savoir-faire est influenc\u00e9 par une expertise pointue et une exp\u00e9rience r\u00e9ussie aupr\u00e8s de grands acteurs de l\u2019Assurance, ainsi nous garantissons \u00e0 nos clients un service de [&hellip;]<\/p>\n","protected":false},"author":1,"featured_media":0,"parent":0,"menu_order":0,"comment_status":"closed","ping_status":"closed","template":"","meta":{"_et_pb_use_builder":"on","_et_pb_old_content":"<!-- wp:divi\/placeholder \/-->","_et_gb_content_width":"","footnotes":""},"class_list":["post-21","page","type-page","status-publish","hentry"],"_links":{"self":[{"href":"https:\/\/s-e-consulting-group.com\/index.php\/wp-json\/wp\/v2\/pages\/21","targetHints":{"allow":["GET"]}}],"collection":[{"href":"https:\/\/s-e-consulting-group.com\/index.php\/wp-json\/wp\/v2\/pages"}],"about":[{"href":"https:\/\/s-e-consulting-group.com\/index.php\/wp-json\/wp\/v2\/types\/page"}],"author":[{"embeddable":true,"href":"https:\/\/s-e-consulting-group.com\/index.php\/wp-json\/wp\/v2\/users\/1"}],"replies":[{"embeddable":true,"href":"https:\/\/s-e-consulting-group.com\/index.php\/wp-json\/wp\/v2\/comments?post=21"}],"version-history":[{"count":54,"href":"https:\/\/s-e-consulting-group.com\/index.php\/wp-json\/wp\/v2\/pages\/21\/revisions"}],"predecessor-version":[{"id":914,"href":"https:\/\/s-e-consulting-group.com\/index.php\/wp-json\/wp\/v2\/pages\/21\/revisions\/914"}],"wp:attachment":[{"href":"https:\/\/s-e-consulting-group.com\/index.php\/wp-json\/wp\/v2\/media?parent=21"}],"curies":[{"name":"wp","href":"https:\/\/api.w.org\/{rel}","templated":true}]}}